{"id":2348,"date":"2024-10-20T18:13:05","date_gmt":"2024-10-20T16:13:05","guid":{"rendered":"http:\/\/msbmet.korpak.hu\/?post_type=product&#038;p=2348"},"modified":"2024-11-16T20:29:42","modified_gmt":"2024-11-16T19:29:42","slug":"im-01-oestrous-cycle-monitor-for-small-animals","status":"publish","type":"product","link":"https:\/\/msbmet.com\/en\/termek\/im-01-oestrous-cycle-monitor-for-small-animals\/","title":{"rendered":"IM-01 Oestrous-cycle monitor for small animals"},"content":{"rendered":"<div  class='flex_column av-3t6w3i4-266458f5f194265952fec4c28d770ac7 av_one_full  avia-builder-el-0  el_before_av_section  avia-builder-el-no-sibling  first flex_column_div  '     ><style type=\"text\/css\" data-created_by=\"avia_inline_auto\" id=\"style-css-av-lyyfmn0e-e780c63f7f10544aad43d65a6c690e27\">\n#top .av-special-heading.av-lyyfmn0e-e780c63f7f10544aad43d65a6c690e27{\npadding-bottom:10px;\n}\nbody .av-special-heading.av-lyyfmn0e-e780c63f7f10544aad43d65a6c690e27 .av-special-heading-tag .heading-char{\nfont-size:25px;\n}\n.av-special-heading.av-lyyfmn0e-e780c63f7f10544aad43d65a6c690e27 .av-subheading{\nfont-size:15px;\n}\n<\/style>\n<div  class='av-special-heading av-lyyfmn0e-e780c63f7f10544aad43d65a6c690e27 av-special-heading-h2 blockquote modern-quote modern-centered  avia-builder-el-1  avia-builder-el-no-sibling '><h2 class='av-special-heading-tag'  itemprop=\"headline\"  >IM-01 <\/h2><div class='av-subheading av-subheading_below'><p>Oestrous-cycle monitor for small animals<\/p>\n<\/div><div class=\"special-heading-border\"><div class=\"special-heading-inner-border\"><\/div><\/div><\/div><\/div>\n<\/div><\/div><\/div><!-- close content main div --><\/div><\/div><div id='av_section_1'  class='avia-section av-3r5ahp8-d130db911e33fbea373656d854976105 main_color avia-section-default avia-no-border-styling  avia-builder-el-2  el_after_av_one_full  el_before_av_section  avia-bg-style-scroll container_wrap fullsize'  ><div class='container av-section-cont-open' ><div class='template-page content  av-content-full alpha units'><div class='post-entry post-entry-type-page post-entry-2348'><div class='entry-content-wrapper clearfix'>\n\n<style type=\"text\/css\" data-created_by=\"avia_inline_auto\" id=\"style-css-av-lyyfmf7y-23ef97a1b54d8bf59fce4f04a0423bb4\">\n.avia-image-container.av-lyyfmf7y-23ef97a1b54d8bf59fce4f04a0423bb4 img.avia_image{\nbox-shadow:none;\n}\n.avia-image-container.av-lyyfmf7y-23ef97a1b54d8bf59fce4f04a0423bb4 .av-image-caption-overlay-center{\ncolor:#ffffff;\n}\n<\/style>\n<div  class='avia-image-container av-lyyfmf7y-23ef97a1b54d8bf59fce4f04a0423bb4 av-styling- avia-align-center  avia-builder-el-3  el_before_av_textblock  avia-builder-el-first '   itemprop=\"image\" itemscope=\"itemscope\" itemtype=\"https:\/\/schema.org\/ImageObject\" ><div class=\"avia-image-container-inner\"><div class=\"avia-image-overlay-wrap\"><img decoding=\"async\" class='wp-image-2349 avia-img-lazy-loading-not-2349 avia_image lazyload' data-src=\"https:\/\/msbmet.com\/wp-content\/uploads\/01-3-1.png\" alt='' title='01 (3)'  height=\"731\" width=\"2588\"  itemprop=\"thumbnailUrl\" data-srcset=\"https:\/\/msbmet.com\/wp-content\/uploads\/01-3-1.png 2588w, https:\/\/msbmet.com\/wp-content\/uploads\/01-3-1-300x85.png 300w, https:\/\/msbmet.com\/wp-content\/uploads\/01-3-1-1030x291.png 1030w, https:\/\/msbmet.com\/wp-content\/uploads\/01-3-1-768x217.png 768w, https:\/\/msbmet.com\/wp-content\/uploads\/01-3-1-1536x434.png 1536w, https:\/\/msbmet.com\/wp-content\/uploads\/01-3-1-2048x578.png 2048w, https:\/\/msbmet.com\/wp-content\/uploads\/01-3-1-1500x424.png 1500w, https:\/\/msbmet.com\/wp-content\/uploads\/01-3-1-705x199.png 705w, https:\/\/msbmet.com\/wp-content\/uploads\/01-3-1-450x127.png 450w, https:\/\/msbmet.com\/wp-content\/uploads\/01-3-1-600x169.png 600w\" data-sizes=\"(max-width: 2588px) 100vw, 2588px\" src=\"data:image\/gif;base64,R0lGODlhAQABAAAAACH5BAEKAAEALAAAAAABAAEAAAICTAEAOw==\" style=\"--smush-placeholder-width: 2588px; --smush-placeholder-aspect-ratio: 2588\/731;\" \/><noscript><img decoding=\"async\" class='wp-image-2349 avia-img-lazy-loading-not-2349 avia_image ' src=\"https:\/\/msbmet.com\/wp-content\/uploads\/01-3-1.png\" alt='' title='01 (3)'  height=\"731\" width=\"2588\"  itemprop=\"thumbnailUrl\" srcset=\"https:\/\/msbmet.com\/wp-content\/uploads\/01-3-1.png 2588w, https:\/\/msbmet.com\/wp-content\/uploads\/01-3-1-300x85.png 300w, https:\/\/msbmet.com\/wp-content\/uploads\/01-3-1-1030x291.png 1030w, https:\/\/msbmet.com\/wp-content\/uploads\/01-3-1-768x217.png 768w, https:\/\/msbmet.com\/wp-content\/uploads\/01-3-1-1536x434.png 1536w, https:\/\/msbmet.com\/wp-content\/uploads\/01-3-1-2048x578.png 2048w, https:\/\/msbmet.com\/wp-content\/uploads\/01-3-1-1500x424.png 1500w, https:\/\/msbmet.com\/wp-content\/uploads\/01-3-1-705x199.png 705w, https:\/\/msbmet.com\/wp-content\/uploads\/01-3-1-450x127.png 450w, https:\/\/msbmet.com\/wp-content\/uploads\/01-3-1-600x169.png 600w\" sizes=\"(max-width: 2588px) 100vw, 2588px\" \/><\/noscript><\/div><\/div><\/div>\n<section  class='av_textblock_section av-lyyfknga-1827fb329cfcae6ae1af4654288c6f1d '   itemscope=\"itemscope\" itemtype=\"https:\/\/schema.org\/CreativeWork\" ><div class='avia_textblock'  itemprop=\"text\" ><ul>\n<li>Basis of the oestrous cycle measurement: During the oestrous of mammalians, changes in the level of sex hormones alter the cellular composition and water content of the vaginal mucus. The altered composition modifies the conductivity of the vaginal mucus, so that the changes can be tracked with a conductivity meter. The device is suitable for measuring all four phases of the oestrous cycle.<\/li>\n<li>Testing method: The device measures the conductivity of vaginal mucus that can be used to estimate the phase of the animal&#8217;s sexual cycle. A<br \/>\nconductivity value between 3.0 and 7.5 kOhm is considered to be the oestrous phase, when the animal is most suitable for mating. The probe is placed in the vagina of the animal, which shows the conductivity value on the display within a few seconds.<\/li>\n<li>Cycle monitor validation: The device developed by our company has been tested in 2021 at the Institute of Pharmacology and Pharmacotherapy,<br \/>\nUniversity of Szeged, by the research group of Prof. Dr. R\u00f3bert G\u00e1sp\u00e1r. The only commercially available Model MK-12 (Muromachi, Japan) oestrous cycle monitor was used as a reference for testing.<\/li>\n<li>Test result: Parallel measurements were performed on 70 female rats with the reference and prototype devices. We found a close correlation between the prototype and reference devices, with all negative (non-oestrous) and positive (oestrous) results confirmed with the reference device. The regression line fitted to the points showed a very strong correlation between the two devices (r2=0.92).<\/li>\n<\/ul>\n<\/div><\/section>\n\n<\/div><\/div><\/div><!-- close content main div --><\/div><\/div><div id='av_section_2'  class='avia-section av-389om3g-f50e96da00d539c824d5bba9137dacd2 main_color avia-section-default avia-no-border-styling  avia-builder-el-5  el_after_av_section  el_before_av_section  avia-bg-style-scroll container_wrap fullsize'  ><div class='container av-section-cont-open' ><div class='template-page content  av-content-full alpha units'><div class='post-entry post-entry-type-page post-entry-2348'><div class='entry-content-wrapper clearfix'>\n<div  class='flex_column av-36b0gl8-0f9d16becc91b95d7c0d194a62cfed6f av_one_full  avia-builder-el-6  avia-builder-el-no-sibling  first flex_column_div  '     ><div class='avia-data-table-wrap av-34o7ovw-de1b9d34e6873b237eec0e93cc89b1a6 avia_responsive_table avia-table-1'><table  class='avia-table avia-data-table avia_pricing_default  avia-builder-el-7  avia-builder-el-no-sibling '  itemscope=\"itemscope\" itemtype=\"https:\/\/schema.org\/Table\" ><tbody><tr class='avia-heading-row'><th class=''>TECHNICAL FEATURES<\/th><th class=''>IM-01<\/th><\/tr><tr class=''><td class=''>Application<\/td><td class=''>Oestrous cycle monitor for small animals<\/td><\/tr><tr class=''><td class=''>Calibrated electrode<\/td><td class=''><img decoding=\"async\" class=\"pipa lazyload\" data-src=\"\/wp-content\/uploads\/tick.png\" src=\"data:image\/gif;base64,R0lGODlhAQABAAAAACH5BAEKAAEALAAAAAABAAEAAAICTAEAOw==\" style=\"--smush-placeholder-width: 200px; --smush-placeholder-aspect-ratio: 200\/200;\" \/><noscript><img decoding=\"async\" class=\"pipa lazyload\" data-src=\"\/wp-content\/uploads\/tick.png\" src=\"data:image\/gif;base64,R0lGODlhAQABAAAAACH5BAEKAAEALAAAAAABAAEAAAICTAEAOw==\" style=\"--smush-placeholder-width: 200px; --smush-placeholder-aspect-ratio: 200\/200;\" \/><noscript><img decoding=\"async\" class=\"pipa lazyload\" data-src=\"\/wp-content\/uploads\/tick.png\" src=\"data:image\/gif;base64,R0lGODlhAQABAAAAACH5BAEKAAEALAAAAAABAAEAAAICTAEAOw==\" style=\"--smush-placeholder-width: 200px; --smush-placeholder-aspect-ratio: 200\/200;\" \/><noscript><img decoding=\"async\" class=\"pipa\" src=\"\/wp-content\/uploads\/tick.png\" \/><\/noscript><\/noscript><\/noscript><\/td><\/tr><tr class=''><td class=''>LCD<\/td><td class=''><img decoding=\"async\" class=\"pipa lazyload\" data-src=\"\/wp-content\/uploads\/tick.png\" src=\"data:image\/gif;base64,R0lGODlhAQABAAAAACH5BAEKAAEALAAAAAABAAEAAAICTAEAOw==\" style=\"--smush-placeholder-width: 200px; --smush-placeholder-aspect-ratio: 200\/200;\" \/><noscript><img decoding=\"async\" class=\"pipa lazyload\" data-src=\"\/wp-content\/uploads\/tick.png\" src=\"data:image\/gif;base64,R0lGODlhAQABAAAAACH5BAEKAAEALAAAAAABAAEAAAICTAEAOw==\" style=\"--smush-placeholder-width: 200px; --smush-placeholder-aspect-ratio: 200\/200;\" \/><noscript><img decoding=\"async\" class=\"pipa lazyload\" data-src=\"\/wp-content\/uploads\/tick.png\" src=\"data:image\/gif;base64,R0lGODlhAQABAAAAACH5BAEKAAEALAAAAAABAAEAAAICTAEAOw==\" style=\"--smush-placeholder-width: 200px; --smush-placeholder-aspect-ratio: 200\/200;\" \/><noscript><img decoding=\"async\" class=\"pipa\" src=\"\/wp-content\/uploads\/tick.png\" \/><\/noscript><\/noscript><\/noscript><\/td><\/tr><tr class=''><td class=''>Shielded cable<\/td><td class=''><img decoding=\"async\" class=\"pipa lazyload\" data-src=\"\/wp-content\/uploads\/tick.png\" src=\"data:image\/gif;base64,R0lGODlhAQABAAAAACH5BAEKAAEALAAAAAABAAEAAAICTAEAOw==\" style=\"--smush-placeholder-width: 200px; --smush-placeholder-aspect-ratio: 200\/200;\" \/><noscript><img decoding=\"async\" class=\"pipa lazyload\" data-src=\"\/wp-content\/uploads\/tick.png\" src=\"data:image\/gif;base64,R0lGODlhAQABAAAAACH5BAEKAAEALAAAAAABAAEAAAICTAEAOw==\" style=\"--smush-placeholder-width: 200px; --smush-placeholder-aspect-ratio: 200\/200;\" \/><noscript><img decoding=\"async\" class=\"pipa lazyload\" data-src=\"\/wp-content\/uploads\/tick.png\" src=\"data:image\/gif;base64,R0lGODlhAQABAAAAACH5BAEKAAEALAAAAAABAAEAAAICTAEAOw==\" style=\"--smush-placeholder-width: 200px; --smush-placeholder-aspect-ratio: 200\/200;\" \/><noscript><img decoding=\"async\" class=\"pipa\" src=\"\/wp-content\/uploads\/tick.png\" \/><\/noscript><\/noscript><\/noscript><\/td><\/tr><tr class=''><td class=''>Measuring range<\/td><td class=''>0 \u2026 34k\u2126<\/td><\/tr><tr class=''><td class=''>Size<\/td><td class=''>200mm\u00d7100mm\u00d725mm<\/td><\/tr><tr class=''><td class=''>Cable length<\/td><td class=''>500mm<\/td><\/tr><tr class=''><td class=''>Weight<\/td><td class=''>200g (including battery)<\/td><\/tr><tr class=''><td class=''>Power supply<\/td><td class=''>6LR61 9V battery<\/td><\/tr><\/tbody><\/table><\/div><style type='text\/css'>.avia-table-1 td:nth-of-type(1):before { content: 'TECHNICAL FEATURES'; } .avia-table-1 td:nth-of-type(2):before { content: 'IM-01'; } <\/style><\/div>\n\n<\/div><\/div><\/div><!-- close content main div --><\/div><\/div><div id='av_section_3'  class='avia-section av-av_section-99ea36ae560ea0db83fae73212a2fcf5 main_color avia-section-default avia-no-border-styling  avia-builder-el-8  el_after_av_section  el_before_av_section  avia-bg-style-scroll container_wrap fullsize'  ><div class='container av-section-cont-open' ><div class='template-page content  av-content-full alpha units'><div class='post-entry post-entry-type-page post-entry-2348'><div class='entry-content-wrapper clearfix'>\n\n<style type=\"text\/css\" data-created_by=\"avia_inline_auto\" id=\"style-css-av-av_heading-2d09453756b0cfbaa6da62fd4e6bc0e3\">\n#top .av-special-heading.av-av_heading-2d09453756b0cfbaa6da62fd4e6bc0e3{\npadding-bottom:10px;\n}\nbody .av-special-heading.av-av_heading-2d09453756b0cfbaa6da62fd4e6bc0e3 .av-special-heading-tag .heading-char{\nfont-size:25px;\n}\n.av-special-heading.av-av_heading-2d09453756b0cfbaa6da62fd4e6bc0e3 .av-subheading{\nfont-size:15px;\n}\n<\/style>\n<div  class='av-special-heading av-av_heading-2d09453756b0cfbaa6da62fd4e6bc0e3 av-special-heading-h2 blockquote modern-quote modern-centered  avia-builder-el-9  el_before_av_textblock  avia-builder-el-first '><h2 class='av-special-heading-tag'  itemprop=\"headline\"  >PURCHASING OPPORTUNITIES<\/h2><div class=\"special-heading-border\"><div class=\"special-heading-inner-border\"><\/div><\/div><\/div>\n<section  class='av_textblock_section av-m2hskgq5-13f2d287e2a4656383113fce05ee74b6 '   itemscope=\"itemscope\" itemtype=\"https:\/\/schema.org\/CreativeWork\" ><div class='avia_textblock'  itemprop=\"text\" ><ul>\n<li aria-level=\"1\">IM-01 Oestrous cycle-monitor for small animals<\/li>\n<\/ul>\n<\/div><\/section>\n<\/div><\/div><\/div><!-- close content main div --><\/div><\/div><div id='av_section_4'  class='avia-section av-c7aab0-2a9d4a0e45ac9f932dbd4283d60c2c99 main_color avia-section-default avia-no-border-styling  avia-builder-el-11  el_after_av_section  avia-builder-el-last  avia-bg-style-scroll container_wrap fullsize'  ><div class='container av-section-cont-open' ><div class='template-page content  av-content-full alpha units'><div class='post-entry post-entry-type-page post-entry-2348'><div class='entry-content-wrapper clearfix'>\n<div  class='avia-button-wrap av-m12coxhd-47ffdb6fda266597eb4804f07e177ffa-wrap avia-button-center  avia-builder-el-12  avia-builder-el-no-sibling  msbbutton'><a href='https:\/\/msbmet.com\/en\/get-a-quote\/'  class='avia-button av-m12coxhd-47ffdb6fda266597eb4804f07e177ffa avia-icon_select-no avia-size-small avia-position-center avia-color-theme-color'  ><span class='avia_iconbox_title' >Get a quote<\/span><\/a><\/div>\n<\/p>\n","protected":false},"excerpt":{"rendered":"","protected":false},"featured_media":2340,"comment_status":"closed","ping_status":"closed","template":"","meta":[],"product_cat":[56],"product_tag":[],"class_list":{"0":"post-2348","1":"product","2":"type-product","3":"status-publish","4":"has-post-thumbnail","6":"product_cat-biological-research-systems","8":"first","9":"instock","10":"shipping-taxable","11":"product-type-simple"},"yoast_head":"<!-- This site is optimized with the Yoast SEO Premium plugin v25.4 (Yoast SEO v25.4) - https:\/\/yoast.com\/wordpress\/plugins\/seo\/ -->\n<title>IM-01 Oestrous-cycle monitor for small animals - MSBMET<\/title>\n<meta name=\"robots\" content=\"index, follow, max-snippet:-1, max-image-preview:large, max-video-preview:-1\" \/>\n<link rel=\"canonical\" href=\"https:\/\/msbmet.com\/termek\/im-01-kisallat-ivarzasi-ciklus-monitor\/\" \/>\n<meta property=\"og:locale\" content=\"en_US\" \/>\n<meta property=\"og:type\" content=\"article\" \/>\n<meta property=\"og:title\" content=\"IM-01 Oestrous-cycle monitor for small animals\" \/>\n<meta property=\"og:url\" content=\"https:\/\/msbmet.com\/termek\/im-01-kisallat-ivarzasi-ciklus-monitor\/\" \/>\n<meta property=\"og:site_name\" content=\"MSBMET\" \/>\n<meta property=\"article:modified_time\" content=\"2024-11-16T19:29:42+00:00\" \/>\n<meta property=\"og:image\" content=\"https:\/\/msbmet.com\/wp-content\/uploads\/02-1-1.jpg\" \/>\n\t<meta property=\"og:image:width\" content=\"1600\" \/>\n\t<meta property=\"og:image:height\" content=\"1067\" \/>\n\t<meta property=\"og:image:type\" content=\"image\/jpeg\" \/>\n<meta name=\"twitter:card\" content=\"summary_large_image\" \/>\n<meta name=\"twitter:label1\" content=\"Est. reading time\" \/>\n\t<meta name=\"twitter:data1\" content=\"21 minutes\" \/>\n<script type=\"application\/ld+json\" class=\"yoast-schema-graph\">{\"@context\":\"https:\/\/schema.org\",\"@graph\":[{\"@type\":\"WebPage\",\"@id\":\"https:\/\/msbmet.com\/termek\/im-01-kisallat-ivarzasi-ciklus-monitor\/\",\"url\":\"https:\/\/msbmet.com\/termek\/im-01-kisallat-ivarzasi-ciklus-monitor\/\",\"name\":\"IM-01 Oestrous-cycle monitor for small animals - MSBMET\",\"isPartOf\":{\"@id\":\"https:\/\/msbmet.com\/#website\"},\"primaryImageOfPage\":{\"@id\":\"https:\/\/msbmet.com\/termek\/im-01-kisallat-ivarzasi-ciklus-monitor\/#primaryimage\"},\"image\":{\"@id\":\"https:\/\/msbmet.com\/termek\/im-01-kisallat-ivarzasi-ciklus-monitor\/#primaryimage\"},\"thumbnailUrl\":\"https:\/\/msbmet.com\/wp-content\/uploads\/02-1-1.jpg\",\"datePublished\":\"2024-10-20T16:13:05+00:00\",\"dateModified\":\"2024-11-16T19:29:42+00:00\",\"breadcrumb\":{\"@id\":\"https:\/\/msbmet.com\/termek\/im-01-kisallat-ivarzasi-ciklus-monitor\/#breadcrumb\"},\"inLanguage\":\"en-US\",\"potentialAction\":[{\"@type\":\"ReadAction\",\"target\":[\"https:\/\/msbmet.com\/termek\/im-01-kisallat-ivarzasi-ciklus-monitor\/\"]}]},{\"@type\":\"ImageObject\",\"inLanguage\":\"en-US\",\"@id\":\"https:\/\/msbmet.com\/termek\/im-01-kisallat-ivarzasi-ciklus-monitor\/#primaryimage\",\"url\":\"https:\/\/msbmet.com\/wp-content\/uploads\/02-1-1.jpg\",\"contentUrl\":\"https:\/\/msbmet.com\/wp-content\/uploads\/02-1-1.jpg\",\"width\":1600,\"height\":1067},{\"@type\":\"BreadcrumbList\",\"@id\":\"https:\/\/msbmet.com\/termek\/im-01-kisallat-ivarzasi-ciklus-monitor\/#breadcrumb\",\"itemListElement\":[{\"@type\":\"ListItem\",\"position\":1,\"name\":\"Kezd\u0151lap\",\"item\":\"https:\/\/msbmet.com\/en\/\"},{\"@type\":\"ListItem\",\"position\":2,\"name\":\"Term\u00e9kek\",\"item\":\"https:\/\/msbmet.com\/shop\/\"},{\"@type\":\"ListItem\",\"position\":3,\"name\":\"IM-01 Oestrous-cycle monitor for small animals\"}]},{\"@type\":\"WebSite\",\"@id\":\"https:\/\/msbmet.com\/#website\",\"url\":\"https:\/\/msbmet.com\/\",\"name\":\"MSBMET\",\"description\":\"\",\"potentialAction\":[{\"@type\":\"SearchAction\",\"target\":{\"@type\":\"EntryPoint\",\"urlTemplate\":\"https:\/\/msbmet.com\/?s={search_term_string}\"},\"query-input\":{\"@type\":\"PropertyValueSpecification\",\"valueRequired\":true,\"valueName\":\"search_term_string\"}}],\"inLanguage\":\"en-US\"}]}<\/script>\n<!-- \/ Yoast SEO Premium plugin. -->","yoast_head_json":{"title":"IM-01 Oestrous-cycle monitor for small animals - MSBMET","robots":{"index":"index","follow":"follow","max-snippet":"max-snippet:-1","max-image-preview":"max-image-preview:large","max-video-preview":"max-video-preview:-1"},"canonical":"https:\/\/msbmet.com\/termek\/im-01-kisallat-ivarzasi-ciklus-monitor\/","og_locale":"en_US","og_type":"article","og_title":"IM-01 Oestrous-cycle monitor for small animals","og_url":"https:\/\/msbmet.com\/termek\/im-01-kisallat-ivarzasi-ciklus-monitor\/","og_site_name":"MSBMET","article_modified_time":"2024-11-16T19:29:42+00:00","og_image":[{"width":1600,"height":1067,"url":"https:\/\/msbmet.com\/wp-content\/uploads\/02-1-1.jpg","type":"image\/jpeg"}],"twitter_card":"summary_large_image","twitter_misc":{"Est. reading time":"21 minutes"},"schema":{"@context":"https:\/\/schema.org","@graph":[{"@type":"WebPage","@id":"https:\/\/msbmet.com\/termek\/im-01-kisallat-ivarzasi-ciklus-monitor\/","url":"https:\/\/msbmet.com\/termek\/im-01-kisallat-ivarzasi-ciklus-monitor\/","name":"IM-01 Oestrous-cycle monitor for small animals - MSBMET","isPartOf":{"@id":"https:\/\/msbmet.com\/#website"},"primaryImageOfPage":{"@id":"https:\/\/msbmet.com\/termek\/im-01-kisallat-ivarzasi-ciklus-monitor\/#primaryimage"},"image":{"@id":"https:\/\/msbmet.com\/termek\/im-01-kisallat-ivarzasi-ciklus-monitor\/#primaryimage"},"thumbnailUrl":"https:\/\/msbmet.com\/wp-content\/uploads\/02-1-1.jpg","datePublished":"2024-10-20T16:13:05+00:00","dateModified":"2024-11-16T19:29:42+00:00","breadcrumb":{"@id":"https:\/\/msbmet.com\/termek\/im-01-kisallat-ivarzasi-ciklus-monitor\/#breadcrumb"},"inLanguage":"en-US","potentialAction":[{"@type":"ReadAction","target":["https:\/\/msbmet.com\/termek\/im-01-kisallat-ivarzasi-ciklus-monitor\/"]}]},{"@type":"ImageObject","inLanguage":"en-US","@id":"https:\/\/msbmet.com\/termek\/im-01-kisallat-ivarzasi-ciklus-monitor\/#primaryimage","url":"https:\/\/msbmet.com\/wp-content\/uploads\/02-1-1.jpg","contentUrl":"https:\/\/msbmet.com\/wp-content\/uploads\/02-1-1.jpg","width":1600,"height":1067},{"@type":"BreadcrumbList","@id":"https:\/\/msbmet.com\/termek\/im-01-kisallat-ivarzasi-ciklus-monitor\/#breadcrumb","itemListElement":[{"@type":"ListItem","position":1,"name":"Kezd\u0151lap","item":"https:\/\/msbmet.com\/en\/"},{"@type":"ListItem","position":2,"name":"Term\u00e9kek","item":"https:\/\/msbmet.com\/shop\/"},{"@type":"ListItem","position":3,"name":"IM-01 Oestrous-cycle monitor for small animals"}]},{"@type":"WebSite","@id":"https:\/\/msbmet.com\/#website","url":"https:\/\/msbmet.com\/","name":"MSBMET","description":"","potentialAction":[{"@type":"SearchAction","target":{"@type":"EntryPoint","urlTemplate":"https:\/\/msbmet.com\/?s={search_term_string}"},"query-input":{"@type":"PropertyValueSpecification","valueRequired":true,"valueName":"search_term_string"}}],"inLanguage":"en-US"}]}},"_links":{"self":[{"href":"https:\/\/msbmet.com\/en\/wp-json\/wp\/v2\/product\/2348","targetHints":{"allow":["GET"]}}],"collection":[{"href":"https:\/\/msbmet.com\/en\/wp-json\/wp\/v2\/product"}],"about":[{"href":"https:\/\/msbmet.com\/en\/wp-json\/wp\/v2\/types\/product"}],"replies":[{"embeddable":true,"href":"https:\/\/msbmet.com\/en\/wp-json\/wp\/v2\/comments?post=2348"}],"wp:featuredmedia":[{"embeddable":true,"href":"https:\/\/msbmet.com\/en\/wp-json\/wp\/v2\/media\/2340"}],"wp:attachment":[{"href":"https:\/\/msbmet.com\/en\/wp-json\/wp\/v2\/media?parent=2348"}],"wp:term":[{"taxonomy":"product_cat","embeddable":true,"href":"https:\/\/msbmet.com\/en\/wp-json\/wp\/v2\/product_cat?post=2348"},{"taxonomy":"product_tag","embeddable":true,"href":"https:\/\/msbmet.com\/en\/wp-json\/wp\/v2\/product_tag?post=2348"}],"curies":[{"name":"wp","href":"https:\/\/api.w.org\/{rel}","templated":true}]}}